{"id":1604,"date":"2021-09-07T22:32:11","date_gmt":"2021-09-07T22:32:11","guid":{"rendered":"https:\/\/web.eneo.unam.mx\/?page_id=1604"},"modified":"2024-11-14T18:19:57","modified_gmt":"2024-11-14T18:19:57","slug":"tutorias","status":"publish","type":"page","link":"https:\/\/www.feno.unam.mx\/index.php\/tutorias\/","title":{"rendered":"Tutor\u00edas"},"content":{"rendered":"<p>[vc_section][vc_row][vc_column][vc_single_image image=&#8221;1605&#8243; img_size=&#8221;full&#8221;][\/vc_column][\/vc_row][\/vc_section][vc_row][vc_column css=&#8221;.vc_custom_1631056090624{margin-right: -100px !important;}&#8221;][vc_custom_heading text=&#8221;Servicio que se ofrece:&#8221; font_container=&#8221;tag:h2|text_align:center|color:%23000f66&#8243; google_fonts=&#8221;font_family:Roboto%3A100%2C100italic%2C300%2C300italic%2Cregular%2Citalic%2C500%2C500italic%2C700%2C700italic%2C900%2C900italic|font_style:400%20regular%3A400%3Anormal&#8221;][vc_column_text]<\/p>\n<p style=\"text-align: justify; font-size: 18px; font-family: Roboto;\">La coordinaci\u00f3n de tutor\u00edas plantea los planes de tutor\u00eda para cada modalidad con la que cuenta la FENO: grupal, individual o peque\u00f1os grupos, por pares y cl\u00ednica. Asimismo, tiene un registro de todos los tutores y tutorados para llevar un seguimiento de sus sesiones, las cuales pueden ser de origen acad\u00e9mico, personal y\/o social. Asigna tutores individuales o de peque\u00f1os grupos a aquellos estudiantes que tengan dificultades de cierta \u00e1rea acad\u00e9mica o que comparten una problem\u00e1tica en com\u00fan, se les brinda asesor\u00eda, orientaci\u00f3n y canalizaci\u00f3n sobre redes de apoyo dentro y fuera de la Universidad Promueve el programa de tutor\u00eda en pares \u201cAcompa\u00f1a a una luci\u00e9rnaga\u201d, el cual consiste en que estudiantes de alto rendimiento acad\u00e9mico pueden tutorar a estudiantes de semestres m\u00e1s bajos para apoyarle en temas o \u00e1reas que no domina y requiere asesor\u00eda, genera constancia por su labor tutorial.<\/p>\n<ul>\n<li style=\"list-style-type: none;\">\n<ul>\n<li style=\"list-style-type: none;\"><\/li>\n<\/ul>\n<\/li>\n<\/ul>\n<p>[\/vc_column_text][vc_column_text]<\/p>\n<ul>\n<li style=\"list-style-type: none;\">\n<ul>\n<li style=\"list-style-type: none;\">\n<ul>\n<li>\n<p style=\"text-align: left; font-size: 18px; font-family: Roboto;\"><span style=\"color: #000080;\">Horario: 8:00 a 14:00 h<\/span><\/p>\n<\/li>\n<li>\n<p style=\"text-align: left; font-size: 18px; font-family: Roboto;\"><span style=\"color: #000080;\">Ubicaci\u00f3n:\u00a0Primer piso del edificio B, en la Divisi\u00f3n de Estudios Profesionales, Coordinaci\u00f3n de Becas<\/span><\/p>\n<\/li>\n<li>\n<p style=\"text-align: left; font-size: 18px; font-family: Roboto;\"><span style=\"color: #000080;\">Tel\u00e9fono: 55 56 55 31 81, ext. 242<\/span><\/p>\n<\/li>\n<li>Responsable del programa: Cort\u00e9s Garc\u00eda Mar\u00eda del Rosario<\/li>\n<li>\n<p style=\"text-align: left; font-size: 18px; font-family: Roboto;\"><span style=\"color: #000080;\">Correo:<\/span> <a href=\"mailto:tutorias@feno.unam.mx\"> tutorias@feno.unam.mx<\/a><\/p>\n<\/li>\n<li>\n<p style=\"text-align: left; font-size: 18px; font-family: Roboto;\"><span style=\"color: #000080;\">\u00c1rea de adscripci\u00f3n: Divisi\u00f3n de Estudios Profesionales<\/span><\/p>\n<\/li>\n<\/ul>\n<\/li>\n<\/ul>\n<\/li>\n<\/ul>\n<p>[\/vc_column_text][vc_empty_space][\/vc_column][\/vc_row][vc_row][vc_column width=&#8221;1\/3&#8243;][vc_single_image image=&#8221;1609&#8243; img_size=&#8221;large&#8221;][vc_tta_accordion color=&#8221;white&#8221; c_icon=&#8221;chevron&#8221; active_section=&#8221;non-existing number&#8221; collapsible_all=&#8221;true&#8221;][vc_tta_section title=&#8221;Tutor\u00eda por pares \u201cAcompa\u00f1a una luci\u00e9rnaga\u201d&#8221; tab_id=&#8221;1631057032969-7f0231f7-9adf&#8221;][vc_column_text]<\/p>\n<p style=\"text-align: justify; font-size: 18px; font-family: Roboto;\">Esta modalidad tiene el prop\u00f3sito de involucrar a los estudiantes destacados de distintos semestres de las licenciaturas brindando apoyo a sus iguales de semestres anteriores con el fin de dar soluci\u00f3n personalizada a sus necesidades acad\u00e9micas, principalmente.<\/p>\n<p>[\/vc_column_text][\/vc_tta_section][\/vc_tta_accordion][\/vc_column][vc_column width=&#8221;1\/3&#8243;][vc_single_image image=&#8221;1615&#8243; img_size=&#8221;large&#8221;][vc_tta_accordion color=&#8221;white&#8221; c_icon=&#8221;chevron&#8221; active_section=&#8221;non-existing number&#8221; collapsible_all=&#8221;true&#8221;][vc_tta_section title=&#8221;Tutor\u00eda en peque\u00f1os grupos&#8221; tab_id=&#8221;1631057036705-27380419-1c55&#8243;][vc_column_text]<\/p>\n<p style=\"text-align: justify; font-size: 18px; font-family: Roboto;\">Es una tutor\u00eda de 2 a 8 estudiantes, en donde se abordar\u00e1n temas de inter\u00e9s, tanto acad\u00e9micas como de orientaci\u00f3n en la vida universitaria.<\/p>\n<p>[\/vc_column_text][\/vc_tta_section][\/vc_tta_accordion][\/vc_column][vc_column width=&#8221;1\/3&#8243;][vc_single_image image=&#8221;1614&#8243; img_size=&#8221;large&#8221;][vc_tta_accordion color=&#8221;white&#8221; c_icon=&#8221;chevron&#8221; active_section=&#8221;non-existing number&#8221; collapsible_all=&#8221;true&#8221;][vc_tta_section title=&#8221;Tutor\u00eda grupal&#8221; tab_id=&#8221;1631056307525-f89022de-bcca&#8221;][vc_column_text]<\/p>\n<p style=\"text-align: justify; font-size: 18px; font-family: Roboto;\">Esta modalidad tiene el objetivo de lograr una integraci\u00f3n grupal, misma que permitir\u00e1 la adaptaci\u00f3n a la vida universitaria de los estudiantes. El acompa\u00f1amiento del tutor posibilitar\u00e1 la identificaci\u00f3n de conflictos a lo largo del semestre, los cuales podr\u00e1 resolver, canalizar u orientar a las instancias pertinentes.<\/p>\n<p style=\"text-align: justify; font-size: 18px; font-family: Roboto;\">.<\/p>\n<p>[\/vc_column_text][\/vc_tta_section][\/vc_tta_accordion][\/vc_column][\/vc_row][vc_row][vc_column][vc_empty_space][vc_custom_heading text=&#8221;Conoce nuestro Programa Institucional de Tutor\u00edas&#8221; font_container=&#8221;tag:h2|text_align:center&#8221; google_fonts=&#8221;font_family:Roboto%3A100%2C100italic%2C300%2C300italic%2Cregular%2Citalic%2C500%2C500italic%2C700%2C700italic%2C900%2C900italic|font_style:400%20regular%3A400%3Anormal&#8221;][vc_btn title=&#8221;Descarga el archivo&#8221; style=&#8221;outline-custom&#8221; outline_custom_color=&#8221;#81d742&#8243; outline_custom_hover_background=&#8221;#666666&#8243; outline_custom_hover_text=&#8221;#ffffff&#8221; align=&#8221;center&#8221; link=&#8221;url:https%3A%2F%2Fweb.eneo.unam.mx%2Fwp-content%2Fuploads%2F2021%2F09%2Fplan-tutorias-2021.pdf||target:%20_blank|&#8221;][vc_empty_space][\/vc_column][\/vc_row][vc_row][vc_column][vc_empty_space][vc_single_image image=&#8221;1520&#8243; img_size=&#8221;1300&#215;300&#8243; alignment=&#8221;center&#8221;][\/vc_column][\/vc_row][vc_row][vc_column][vc_column_text]<\/p>\n<p>[\/vc_column_text][\/vc_column][\/vc_row]<\/p>\n","protected":false},"excerpt":{"rendered":"<p>[vc_section][vc_row][vc_column][vc_single_image image=&#8221;1605&#8243; img_size=&#8221;full&#8221;][\/vc_column][\/vc_row][\/vc_section][vc_row][vc_column css=&#8221;.vc_custom_1631056090624{margin-right: -100px !important;}&#8221;][vc_custom_heading text=&#8221;Servicio que se ofrece:&#8221; font_container=&#8221;tag:h2|text_align:center|color:%23000f66&#8243; google_fonts=&#8221;font_family:Roboto%3A100%2C100italic%2C300%2C300italic%2Cregular%2Citalic%2C500%2C500italic%2C700%2C700italic%2C900%2C900italic|font_style:400%20regular%3A400%3Anormal&#8221;][vc_column_text] La coordinaci\u00f3n de tutor\u00edas plantea los planes de tutor\u00eda para cada modalidad con &hellip; <\/p>\n","protected":false},"author":1,"featured_media":0,"parent":0,"menu_order":0,"comment_status":"closed","ping_status":"closed","template":"","meta":{"footnotes":""},"class_list":["post-1604","page","type-page","status-publish","hentry","latest_post"],"aioseo_notices":[],"publishpress_future_action":{"enabled":false,"date":"2026-04-11 06:30:32","action":"change-status","newStatus":"draft","terms":[],"taxonomy":"","extraData":[]},"publishpress_future_workflow_manual_trigger":{"enabledWorkflows":[]},"_links":{"self":[{"href":"https:\/\/www.feno.unam.mx\/index.php\/wp-json\/wp\/v2\/pages\/1604","targetHints":{"allow":["GET"]}}],"collection":[{"href":"https:\/\/www.feno.unam.mx\/index.php\/wp-json\/wp\/v2\/pages"}],"about":[{"href":"https:\/\/www.feno.unam.mx\/index.php\/wp-json\/wp\/v2\/types\/page"}],"author":[{"embeddable":true,"href":"https:\/\/www.feno.unam.mx\/index.php\/wp-json\/wp\/v2\/users\/1"}],"replies":[{"embeddable":true,"href":"https:\/\/www.feno.unam.mx\/index.php\/wp-json\/wp\/v2\/comments?post=1604"}],"version-history":[{"count":34,"href":"https:\/\/www.feno.unam.mx\/index.php\/wp-json\/wp\/v2\/pages\/1604\/revisions"}],"predecessor-version":[{"id":13473,"href":"https:\/\/www.feno.unam.mx\/index.php\/wp-json\/wp\/v2\/pages\/1604\/revisions\/13473"}],"wp:attachment":[{"href":"https:\/\/www.feno.unam.mx\/index.php\/wp-json\/wp\/v2\/media?parent=1604"}],"curies":[{"name":"wp","href":"https:\/\/api.w.org\/{rel}","templated":true}]}}