{"id":14846,"date":"2025-07-31T21:08:55","date_gmt":"2025-07-31T21:08:55","guid":{"rendered":"https:\/\/www.feno.unam.mx\/?page_id=14846"},"modified":"2025-07-31T21:25:55","modified_gmt":"2025-07-31T21:25:55","slug":"guias-de-prevencion","status":"publish","type":"page","link":"https:\/\/www.feno.unam.mx\/index.php\/guias-de-prevencion\/","title":{"rendered":"Gu\u00edas de prevenci\u00f3n"},"content":{"rendered":"<p>[vc_section][vc_row][vc_column][vc_images_carousel images=&#8221;1958,1959,1960,1961,1962&#8243; img_size=&#8221;full&#8221; onclick=&#8221;link_no&#8221; mode=&#8221;vertical&#8221; speed=&#8221;3000&#8243; autoplay=&#8221;yes&#8221; wrap=&#8221;yes&#8221; css_animation=&#8221;fadeIn&#8221;][\/vc_column][\/vc_row][vc_row][vc_column][vc_column_text]<em>Gu\u00edas de prevenci\u00f3n:<\/em><\/p>\n<ul>\n<li>Gu\u00eda de prevenci\u00f3n de adicciones.<\/li>\n<li>Gu\u00eda de prevenci\u00f3n de suicidio.<\/li>\n<\/ul>\n<p>[\/vc_column_text][vc_empty_space][\/vc_column][\/vc_row][\/vc_section][vc_row][vc_column width=&#8221;1\/2&#8243;][vc_single_image image=&#8221;14849&#8243; img_size=&#8221;full&#8221; alignment=&#8221;center&#8221; style=&#8221;vc_box_shadow_3d&#8221; onclick=&#8221;custom_link&#8221; img_link_target=&#8221;_blank&#8221; css_animation=&#8221;fadeInLeft&#8221; link=&#8221;https:\/\/feno.unam.mx\/wp-content\/uploads\/2023\/01\/Prevencion-adicciones_2022_Fundacion-Ambar.pdf&#8221;][\/vc_column][vc_column width=&#8221;1\/2&#8243;][vc_single_image image=&#8221;14850&#8243; img_size=&#8221;full&#8221; alignment=&#8221;center&#8221; style=&#8221;vc_box_shadow_3d&#8221; onclick=&#8221;custom_link&#8221; img_link_target=&#8221;_blank&#8221; css_animation=&#8221;fadeInRight&#8221; link=&#8221;https:\/\/www.feno.unam.mx\/wp-content\/uploads\/2023\/11\/senal_alerta_suici.pdf&#8221;][\/vc_column][\/vc_row]<\/p>\n","protected":false},"excerpt":{"rendered":"<p>[vc_section][vc_row][vc_column][vc_images_carousel images=&#8221;1958,1959,1960,1961,1962&#8243; img_size=&#8221;full&#8221; onclick=&#8221;link_no&#8221; mode=&#8221;vertical&#8221; speed=&#8221;3000&#8243; autoplay=&#8221;yes&#8221; wrap=&#8221;yes&#8221; css_animation=&#8221;fadeIn&#8221;][\/vc_column][\/vc_row][vc_row][vc_column][vc_column_text]Gu\u00edas de prevenci\u00f3n: Gu\u00eda de prevenci\u00f3n de adicciones. Gu\u00eda de prevenci\u00f3n de suicidio. [\/vc_column_text][vc_empty_space][\/vc_column][\/vc_row][\/vc_section][vc_row][vc_column width=&#8221;1\/2&#8243;][vc_single_image image=&#8221;14849&#8243; img_size=&#8221;full&#8221; &hellip; <\/p>\n","protected":false},"author":1,"featured_media":0,"parent":0,"menu_order":0,"comment_status":"closed","ping_status":"closed","template":"","meta":{"footnotes":""},"class_list":["post-14846","page","type-page","status-publish","hentry","latest_post"],"aioseo_notices":[],"publishpress_future_action":{"enabled":false,"date":"2026-05-23 01:32:43","action":"change-status","newStatus":"draft","terms":[],"taxonomy":"","extraData":[]},"publishpress_future_workflow_manual_trigger":{"enabledWorkflows":[]},"_links":{"self":[{"href":"https:\/\/www.feno.unam.mx\/index.php\/wp-json\/wp\/v2\/pages\/14846","targetHints":{"allow":["GET"]}}],"collection":[{"href":"https:\/\/www.feno.unam.mx\/index.php\/wp-json\/wp\/v2\/pages"}],"about":[{"href":"https:\/\/www.feno.unam.mx\/index.php\/wp-json\/wp\/v2\/types\/page"}],"author":[{"embeddable":true,"href":"https:\/\/www.feno.unam.mx\/index.php\/wp-json\/wp\/v2\/users\/1"}],"replies":[{"embeddable":true,"href":"https:\/\/www.feno.unam.mx\/index.php\/wp-json\/wp\/v2\/comments?post=14846"}],"version-history":[{"count":4,"href":"https:\/\/www.feno.unam.mx\/index.php\/wp-json\/wp\/v2\/pages\/14846\/revisions"}],"predecessor-version":[{"id":14853,"href":"https:\/\/www.feno.unam.mx\/index.php\/wp-json\/wp\/v2\/pages\/14846\/revisions\/14853"}],"wp:attachment":[{"href":"https:\/\/www.feno.unam.mx\/index.php\/wp-json\/wp\/v2\/media?parent=14846"}],"curies":[{"name":"wp","href":"https:\/\/api.w.org\/{rel}","templated":true}]}}