{"id":12791,"date":"2024-08-29T17:17:41","date_gmt":"2024-08-29T17:17:41","guid":{"rendered":"https:\/\/www.feno.unam.mx\/?page_id=12791"},"modified":"2024-08-29T17:34:02","modified_gmt":"2024-08-29T17:34:02","slug":"comite-editorial","status":"publish","type":"page","link":"https:\/\/www.feno.unam.mx\/index.php\/publicaciones\/comite-editorial\/","title":{"rendered":"Comit\u00e9 Editorial de la FENO"},"content":{"rendered":"<p>[vc_section][vc_row][vc_column][\/vc_column][\/vc_row][vc_row][vc_column][vc_empty_space][\/vc_column][\/vc_row][vc_row][vc_column][vc_empty_space][\/vc_column][\/vc_row][vc_row][vc_column width=&#8221;1\/4&#8243;][vc_single_image image=&#8221;2696&#8243; img_size=&#8221;large&#8221; onclick=&#8221;custom_link&#8221; css_animation=&#8221;fadeInDown&#8221; el_class=&#8221;hvr-float-shadow&#8221; link=&#8221;https:\/\/web.eneo.unam.mx\/wp-content\/uploads\/2021\/11\/290121catalogo_20_v3.pdf&#8221;][\/vc_column][vc_column width=&#8221;1\/4&#8243;][vc_single_image image=&#8221;5612&#8243; img_size=&#8221;large&#8221; onclick=&#8221;custom_link&#8221; css_animation=&#8221;fadeInDown&#8221; el_class=&#8221;hvr-float-shadow&#8221; link=&#8221;https:\/\/web.eneo.unam.mx\/index.php\/publicaciones\/digitales\/&#8221;][\/vc_column][vc_column width=&#8221;1\/4&#8243;][vc_single_image image=&#8221;9051&#8243; img_size=&#8221;large&#8221; onclick=&#8221;custom_link&#8221; css_animation=&#8221;fadeInDown&#8221; el_class=&#8221;hvr-float-shadow&#8221; link=&#8221;https:\/\/web.eneo.unam.mx\/index.php\/publicaciones\/gaceta-de-la-facultad-de-enfermeria-y-obstetricia\/&#8221;][\/vc_column][vc_column width=&#8221;1\/4&#8243;][vc_single_image image=&#8221;4446&#8243; img_size=&#8221;large&#8221; onclick=&#8221;custom_link&#8221; css_animation=&#8221;fadeInDown&#8221; el_class=&#8221;hvr-float-shadow&#8221; link=&#8221;https:\/\/www.feno.unam.mx\/index.php\/publicaciones\/comite-editorial\/&#8221;][\/vc_column][\/vc_row][vc_row][vc_column][vc_empty_space height=&#8221;75px&#8221;][\/vc_column][\/vc_row][\/vc_section][vc_row][vc_column][vc_column_text]<\/p>\n<h4>Integrantes<\/h4>\n<ul>\n<li><strong>Presidenta del Comit\u00e9<\/strong><\/li>\n<\/ul>\n<p>Mtra. Rosa Amarilis Z\u00e1rate Grajales<\/p>\n<p>&nbsp;<\/p>\n<ul>\n<li><strong>Secretario T\u00e9cnico del Comit\u00e9<\/strong><\/li>\n<\/ul>\n<p>Mtro. Francisco B. Valencia Castillo<\/p>\n<p><em>\u00a0<\/em><\/p>\n<ul>\n<li><strong>Miembros<\/strong><\/li>\n<\/ul>\n<p>Lic. Mart\u00edn Valdez Rodr\u00edguez<\/p>\n<p>Dra. Rosa Mar\u00eda Ostigu\u00edn Mel\u00e9ndez<\/p>\n<p>Mtra. Mayra Alarc\u00f3n Cer\u00f3n<\/p>\n<p>Mtro. Edgar Bautista Rojas<\/p>\n<p>Mtra. Ang\u00e9lica Ram\u00edrez El\u00edas<\/p>\n<p>Mtra. Eunice Ayde\u00e9 Bravo Castellanos<\/p>\n<p>Dra. Luz Paola Acosta Ram\u00edrez<\/p>\n<p>Mtro. Manuel Hern\u00e1ndez Amador<\/p>\n<p>Dra. Edith Guti\u00e9rrez Cruz<\/p>\n<p>Mtra. Celia Ram\u00edrez Salinas<\/p>\n<p>Mtro. Ulises Mart\u00ednez Aja<\/p>\n<p>&nbsp;<\/p>\n<h4>Reglamento. <em><a href=\"https:\/\/web.eneo.unam.mx\/wp-content\/uploads\/2021\/09\/RCE-eneo26112020.pdf\" target=\"_blank\" rel=\"noopener\">Consultar aqu\u00ed<\/a><\/em><\/h4>\n<p>&nbsp;<\/p>\n<h4>Lineamientos Editoriales . <em><a href=\"https:\/\/www.feno.unam.mx\/wp-content\/uploads\/2024\/08\/Lineamientos_editoriales_2024.pdf\" target=\"_blank\" rel=\"noopener\">Consultar aqu\u00ed<\/a><\/em><\/h4>\n<p>[\/vc_column_text][\/vc_column][\/vc_row]<\/p>\n","protected":false},"excerpt":{"rendered":"<p>[vc_section][vc_row][vc_column][\/vc_column][\/vc_row][vc_row][vc_column][vc_empty_space][\/vc_column][\/vc_row][vc_row][vc_column][vc_empty_space][\/vc_column][\/vc_row][vc_row][vc_column width=&#8221;1\/4&#8243;][vc_single_image image=&#8221;2696&#8243; img_size=&#8221;large&#8221; onclick=&#8221;custom_link&#8221; css_animation=&#8221;fadeInDown&#8221; el_class=&#8221;hvr-float-shadow&#8221; link=&#8221;https:\/\/web.eneo.unam.mx\/wp-content\/uploads\/2021\/11\/290121catalogo_20_v3.pdf&#8221;][\/vc_column][vc_column width=&#8221;1\/4&#8243;][vc_single_image image=&#8221;5612&#8243; img_size=&#8221;large&#8221; onclick=&#8221;custom_link&#8221; css_animation=&#8221;fadeInDown&#8221; el_class=&#8221;hvr-float-shadow&#8221; link=&#8221;https:\/\/web.eneo.unam.mx\/index.php\/publicaciones\/digitales\/&#8221;][\/vc_column][vc_column width=&#8221;1\/4&#8243;][vc_single_image image=&#8221;9051&#8243; img_size=&#8221;large&#8221; onclick=&#8221;custom_link&#8221; css_animation=&#8221;fadeInDown&#8221; el_class=&#8221;hvr-float-shadow&#8221; link=&#8221;https:\/\/web.eneo.unam.mx\/index.php\/publicaciones\/gaceta-de-la-facultad-de-enfermeria-y-obstetricia\/&#8221;][\/vc_column][vc_column width=&#8221;1\/4&#8243;][vc_single_image image=&#8221;4446&#8243; img_size=&#8221;large&#8221; &hellip; <\/p>\n","protected":false},"author":1,"featured_media":0,"parent":2688,"menu_order":0,"comment_status":"closed","ping_status":"closed","template":"","meta":{"footnotes":""},"class_list":["post-12791","page","type-page","status-publish","hentry","latest_post"],"aioseo_notices":[],"publishpress_future_action":{"enabled":false,"date":"2026-05-19 01:02:15","action":"change-status","newStatus":"draft","terms":[],"taxonomy":"","extraData":[]},"publishpress_future_workflow_manual_trigger":{"enabledWorkflows":[]},"_links":{"self":[{"href":"https:\/\/www.feno.unam.mx\/index.php\/wp-json\/wp\/v2\/pages\/12791","targetHints":{"allow":["GET"]}}],"collection":[{"href":"https:\/\/www.feno.unam.mx\/index.php\/wp-json\/wp\/v2\/pages"}],"about":[{"href":"https:\/\/www.feno.unam.mx\/index.php\/wp-json\/wp\/v2\/types\/page"}],"author":[{"embeddable":true,"href":"https:\/\/www.feno.unam.mx\/index.php\/wp-json\/wp\/v2\/users\/1"}],"replies":[{"embeddable":true,"href":"https:\/\/www.feno.unam.mx\/index.php\/wp-json\/wp\/v2\/comments?post=12791"}],"version-history":[{"count":5,"href":"https:\/\/www.feno.unam.mx\/index.php\/wp-json\/wp\/v2\/pages\/12791\/revisions"}],"predecessor-version":[{"id":12797,"href":"https:\/\/www.feno.unam.mx\/index.php\/wp-json\/wp\/v2\/pages\/12791\/revisions\/12797"}],"up":[{"embeddable":true,"href":"https:\/\/www.feno.unam.mx\/index.php\/wp-json\/wp\/v2\/pages\/2688"}],"wp:attachment":[{"href":"https:\/\/www.feno.unam.mx\/index.php\/wp-json\/wp\/v2\/media?parent=12791"}],"curies":[{"name":"wp","href":"https:\/\/api.w.org\/{rel}","templated":true}]}}