{"id":1154,"date":"2021-09-04T01:45:16","date_gmt":"2021-09-04T01:45:16","guid":{"rendered":"https:\/\/web.eneo.unam.mx\/?page_id=1154"},"modified":"2025-11-14T18:08:52","modified_gmt":"2025-11-14T18:08:52","slug":"idiomas","status":"publish","type":"page","link":"https:\/\/www.feno.unam.mx\/index.php\/idiomas\/","title":{"rendered":"Unidad de Idiomas"},"content":{"rendered":"<p>[vc_row][vc_column][vc_single_image image=&#8221;1156&#8243; img_size=&#8221;full&#8221;][vc_empty_space][\/vc_column][\/vc_row][vc_row][vc_column][vc_column_text]<\/p>\n<p style=\"text-align: justify; font-size: 18px; font-family: Roboto;\"><span style=\"font-weight: 400;\">Dominar una lengua extranjera es un elemento indispensable en la formaci\u00f3n y actualizaci\u00f3n acad\u00e9mica, independientemente del \u00e1rea del conocimiento.<\/span> En enfermer\u00eda, aprender una lengua extranjera permite acceder a informaci\u00f3n y bibliograf\u00eda reciente, comunicarse e interactuar con m\u00e1s personas, desarrollar mayor sensibilidad hacia otras lenguas y culturas, as\u00ed como poseer una gama de oportunidades en el campo profesional.<\/p>\n<p>[\/vc_column_text][vc_row_inner][vc_column_inner][vc_column_text]<\/p>\n<h2 style=\"text-align: center;\">\u00bfQu\u00e9 ofrece la Unidad de Idiomas?<\/h2>\n<p>[\/vc_column_text][\/vc_column_inner][\/vc_row_inner][vc_empty_space][vc_row_inner][vc_column_inner width=&#8221;1\/3&#8243;][vc_single_image image=&#8221;5292&#8243; img_size=&#8221;full&#8221; alignment=&#8221;center&#8221;][vc_column_text]Compresi\u00f3n oral, compresi\u00f3n escrita, producci\u00f3n oral, producci\u00f3n escrita en los idiomas franc\u00e9s e ingl\u00e9s, sin costo.[\/vc_column_text][\/vc_column_inner][vc_column_inner width=&#8221;1\/3&#8243;][vc_single_image image=&#8221;5293&#8243; img_size=&#8221;full&#8221; alignment=&#8221;center&#8221;][vc_column_text]Asignaturas curriculares de ingl\u00e9s del primer al sexto semestre[\/vc_column_text][\/vc_column_inner][vc_column_inner width=&#8221;1\/3&#8243;][vc_single_image image=&#8221;5294&#8243; img_size=&#8221;full&#8221; alignment=&#8221;center&#8221;][vc_column_text]<\/p>\n<ul>\n<li>Extracurriculares LE B (b\u00e1sico) y LE I (intermedio) de franc\u00e9s e ingl\u00e9s<\/li>\n<li>Comprensi\u00f3n de textos en franc\u00e9s<\/li>\n<\/ul>\n<p>[\/vc_column_text][\/vc_column_inner][\/vc_row_inner][vc_row_inner][vc_column_inner width=&#8221;1\/3&#8243;][vc_single_image image=&#8221;5295&#8243; img_size=&#8221;full&#8221; alignment=&#8221;center&#8221;][vc_column_text]<\/p>\n<ul>\n<li>Extracurriculares Avanzado I y II<\/li>\n<li>Extracurriculares LE B (b\u00e1sico) y LE I (intermedio) de franc\u00e9s<\/li>\n<li>Compresi\u00f3n de Textos en ingl\u00e9s<\/li>\n<li>Nursing<\/li>\n<\/ul>\n<p>[\/vc_column_text][\/vc_column_inner][vc_column_inner width=&#8221;1\/3&#8243;][vc_single_image image=&#8221;5296&#8243; img_size=&#8221;full&#8221; alignment=&#8221;center&#8221;][vc_column_text]Cursos para docentes en ingl\u00e9s<\/p>\n<ul>\n<li>B\u00e1sico e intermedio<\/li>\n<li>Compresi\u00f3n de textos<\/li>\n<li>Estructura de textos cient\u00edficos<\/li>\n<\/ul>\n<p>[\/vc_column_text][\/vc_column_inner][vc_column_inner width=&#8221;1\/3&#8243;][vc_single_image image=&#8221;5297&#8243; img_size=&#8221;full&#8221; alignment=&#8221;center&#8221;][vc_column_text]<\/p>\n<ul>\n<li>Talleres<\/li>\n<li>Club de conversaci\u00f3n<\/li>\n<li>Teletandem<\/li>\n<li>Club de lectura<\/li>\n<li>Cine club<\/li>\n<li>Recursos y contenidos f\u00edsicos y digitales<\/li>\n<li>Asesor\u00eda<\/li>\n<li>Tutor\u00edas formales<\/li>\n<\/ul>\n<p>[\/vc_column_text][\/vc_column_inner][\/vc_row_inner][vc_row_inner][vc_column_inner width=&#8221;1\/2&#8243;][vc_single_image image=&#8221;5298&#8243; img_size=&#8221;full&#8221; alignment=&#8221;center&#8221;][vc_column_text]<\/p>\n<ul>\n<li>Gesti\u00f3n de certificaciones para titulaci\u00f3n, especialidades o intercambios por la Escuela Nacional de Lenguas, Ling\u00fc\u00edstica y Traducci\u00f3n (ENALLT)<\/li>\n<li>Dominio del idioma al concluir ingl\u00e9s en sexto semestre LE I (intermedio), AVZ (avanzado) II y franc\u00e9s intermedio.<\/li>\n<li>Compresi\u00f3n de textos en ingl\u00e9s o franc\u00e9s<\/li>\n<\/ul>\n<p>[\/vc_column_text][\/vc_column_inner][vc_column_inner width=&#8221;1\/2&#8243;][vc_single_image image=&#8221;5299&#8243; img_size=&#8221;full&#8221; alignment=&#8221;center&#8221;][vc_column_text]Mediateca de la FENO<\/p>\n<p>Biblioteca Graciela Arrollo de Cordero<\/p>\n<p>Primer piso[\/vc_column_text][\/vc_column_inner][\/vc_row_inner][vc_row_inner][vc_column_inner][\/vc_column_inner][\/vc_row_inner][\/vc_column][\/vc_row][vc_row][vc_column][vc_row_inner][vc_column_inner][vc_column_text]<\/p>\n<p style=\"font-size: 18px; font-family: Roboto; text-align: center;\"><strong>Contacto:<\/strong><\/p>\n<p style=\"font-size: 18px; font-family: Roboto; text-align: center;\">Tel.\u00a05556 55 13 42,\u00a05556 55 31 81,\u00a05555 73 19 95\u00a0ext 277<\/p>\n<p style=\"font-size: 18px; font-family: Roboto; text-align: center;\">Correo:\u00a0<a href=\"mailto:depto-idiomas@feno.unam.mx\">depto-idiomas@feno.unam.mx<\/a><\/p>\n<p>[\/vc_column_text][\/vc_column_inner][\/vc_row_inner][\/vc_column][\/vc_row][vc_row][vc_column][vc_btn title=&#8221;Visita el sitio web de idiomas para conocer m\u00e1s&#8221; color=&#8221;primary&#8221; size=&#8221;lg&#8221; align=&#8221;center&#8221; css_animation=&#8221;none&#8221; button_block=&#8221;true&#8221; link=&#8221;url:https%3A%2F%2Ffeno.unam.mx%2Fidiomas%2F|||&#8221;][\/vc_column][\/vc_row][vc_row][vc_column][vc_column_text][\/vc_column_text][\/vc_column][\/vc_row]<\/p>\n","protected":false},"excerpt":{"rendered":"<p>[vc_row][vc_column][vc_single_image image=&#8221;1156&#8243; img_size=&#8221;full&#8221;][vc_empty_space][\/vc_column][\/vc_row][vc_row][vc_column][vc_column_text] Dominar una lengua extranjera es un elemento indispensable en la formaci\u00f3n y actualizaci\u00f3n acad\u00e9mica, independientemente del \u00e1rea del conocimiento. En enfermer\u00eda, aprender &hellip; <\/p>\n","protected":false},"author":1,"featured_media":0,"parent":0,"menu_order":0,"comment_status":"closed","ping_status":"closed","template":"","meta":{"footnotes":""},"class_list":["post-1154","page","type-page","status-publish","hentry","latest_post"],"aioseo_notices":[],"publishpress_future_action":{"enabled":false,"date":"2026-04-20 15:50:59","action":"change-status","newStatus":"draft","terms":[],"taxonomy":"","extraData":[]},"publishpress_future_workflow_manual_trigger":{"enabledWorkflows":[]},"_links":{"self":[{"href":"https:\/\/www.feno.unam.mx\/index.php\/wp-json\/wp\/v2\/pages\/1154","targetHints":{"allow":["GET"]}}],"collection":[{"href":"https:\/\/www.feno.unam.mx\/index.php\/wp-json\/wp\/v2\/pages"}],"about":[{"href":"https:\/\/www.feno.unam.mx\/index.php\/wp-json\/wp\/v2\/types\/page"}],"author":[{"embeddable":true,"href":"https:\/\/www.feno.unam.mx\/index.php\/wp-json\/wp\/v2\/users\/1"}],"replies":[{"embeddable":true,"href":"https:\/\/www.feno.unam.mx\/index.php\/wp-json\/wp\/v2\/comments?post=1154"}],"version-history":[{"count":42,"href":"https:\/\/www.feno.unam.mx\/index.php\/wp-json\/wp\/v2\/pages\/1154\/revisions"}],"predecessor-version":[{"id":16150,"href":"https:\/\/www.feno.unam.mx\/index.php\/wp-json\/wp\/v2\/pages\/1154\/revisions\/16150"}],"wp:attachment":[{"href":"https:\/\/www.feno.unam.mx\/index.php\/wp-json\/wp\/v2\/media?parent=1154"}],"curies":[{"name":"wp","href":"https:\/\/api.w.org\/{rel}","templated":true}]}}