{"id":11097,"date":"2023-12-05T18:18:03","date_gmt":"2023-12-05T18:18:03","guid":{"rendered":"https:\/\/www.feno.unam.mx\/?page_id=11097"},"modified":"2026-02-17T21:20:47","modified_gmt":"2026-02-17T21:20:47","slug":"fototecavigente","status":"publish","type":"page","link":"https:\/\/www.feno.unam.mx\/index.php\/fototecavigente\/","title":{"rendered":"Fototeca enfermer\u00eda"},"content":{"rendered":"<p>[vc_section][vc_row][vc_column][vc_single_image image=&#8221;11114&#8243; img_size=&#8221;full&#8221; alignment=&#8221;center&#8221; css_animation=&#8221;bounceInLeft&#8221;][\/vc_column][\/vc_row][vc_row][vc_column][vc_empty_space][\/vc_column][\/vc_row][\/vc_section][vc_row][vc_column][vc_single_image image=&#8221;16381&#8243; img_size=&#8221;full&#8221; alignment=&#8221;center&#8221; style=&#8221;vc_box_shadow_3d&#8221; onclick=&#8221;custom_link&#8221; img_link_target=&#8221;_blank&#8221; css_animation=&#8221;bounceInDown&#8221; link=&#8221;https:\/\/www.feno.unam.mx\/fototecaaladefe\/&#8221;][vc_empty_space][\/vc_column][\/vc_row][vc_row][vc_column][vc_tta_accordion c_icon=&#8221;chevron&#8221; active_section=&#8221;non-existing number&#8221; collapsible_all=&#8221;true&#8221;][vc_tta_section title=&#8221;Entrega de diplomas Curso poste\u0301cnico de Enfermeri\u0301a Quiru\u0301rgica . Agosto 16, 2024&#8243; tab_id=&#8221;1771366805553-441a5deb-5768&#8243;][vc_masonry_media_grid element_width=&#8221;3&#8243; grid_id=&#8221;vc_gid:1771367122616-b3f4785d-81e3-1&#8243; include=&#8221;12953,12954,12955,12956,12957,12958,12959,12960,12961&#8243;][\/vc_tta_section][\/vc_tta_accordion][vc_empty_space][\/vc_column][\/vc_row][vc_row][vc_column][vc_tta_accordion c_icon=&#8221;chevron&#8221; active_section=&#8221;non-existing number&#8221; collapsible_all=&#8221;true&#8221;][vc_tta_section title=&#8221;Presentaci\u00f3n Nexus. Agosto 13, 2024&#8243; tab_id=&#8221;1725390062365-0ed333d7-bd38&#8243;][vc_masonry_media_grid element_width=&#8221;3&#8243; grid_id=&#8221;vc_gid:1771367122616-17564412-7617-0&#8243; include=&#8221;12946,12947,12948,12949,12950,12951&#8243;][\/vc_tta_section][\/vc_tta_accordion][vc_empty_space][\/vc_column][\/vc_row][vc_row][vc_column][vc_tta_accordion c_icon=&#8221;chevron&#8221; active_section=&#8221;non-existing number&#8221; collapsible_all=&#8221;true&#8221;][vc_tta_section title=&#8221;Inauguraci\u00f3n exposici\u00f3n fotogr\u00e1fica Miradas Urbanas. Agosto 9, 2024&#8243; tab_id=&#8221;1725389901200-0f557891-2ef9&#8243;][vc_masonry_media_grid element_width=&#8221;3&#8243; grid_id=&#8221;vc_gid:1771367122616-411abc8f-3c06-4&#8243; include=&#8221;12934,12935,12936,12937,12938,12939,12940,12941,12942,12943,12944&#8243;][\/vc_tta_section][\/vc_tta_accordion][vc_empty_space][\/vc_column][\/vc_row][vc_row][vc_column][vc_tta_accordion c_icon=&#8221;chevron&#8221; active_section=&#8221;non-existing number&#8221; collapsible_all=&#8221;true&#8221;][vc_tta_section title=&#8221;Bienvenida alumnado SUAyED. Agosto 2, 2024&#8243; tab_id=&#8221;1725389729053-694cec8c-03bb&#8221;][vc_masonry_media_grid element_width=&#8221;3&#8243; grid_id=&#8221;vc_gid:1771367122617-8ccab99c-975d-3&#8243; include=&#8221;12928,12929,12930,12931,12932&#8243;][\/vc_tta_section][\/vc_tta_accordion][vc_empty_space][\/vc_column][\/vc_row][vc_row][vc_column][vc_tta_accordion c_icon=&#8221;chevron&#8221; active_section=&#8221;non-existing number&#8221; collapsible_all=&#8221;true&#8221;][vc_tta_section title=&#8221;Homenaje Dra. Mari\u0301a Dolores Zarza Arizmendi. Agosto 1, 2024&#8243; tab_id=&#8221;1725389627168-1b9d9269-9e00&#8243;][vc_masonry_media_grid element_width=&#8221;3&#8243; grid_id=&#8221;vc_gid:1771367122617-9b0a782c-6913-4&#8243; include=&#8221;12920,12921,12922,12923,12924,12925,12926&#8243;][\/vc_tta_section][\/vc_tta_accordion][vc_empty_space][\/vc_column][\/vc_row][vc_row][vc_column][vc_tta_accordion c_icon=&#8221;chevron&#8221; active_section=&#8221;non-existing number&#8221; collapsible_all=&#8221;true&#8221;][vc_tta_section title=&#8221;9a Feria del libro de Ciencias de la Salud 2024&#8243; tab_id=&#8221;1725389421477-b4707e52-ea06&#8243;][vc_masonry_media_grid element_width=&#8221;3&#8243; grid_id=&#8221;vc_gid:1771367122617-3592df14-375d-6&#8243; include=&#8221;12654,12655,12656,12657,12658,12659,12660,12661,12662,12663,12664,12665,12666,12667,12668,12669,12670&#8243;][\/vc_tta_section][\/vc_tta_accordion][vc_empty_space][\/vc_column][\/vc_row][vc_row][vc_column][vc_tta_accordion c_icon=&#8221;chevron&#8221; active_section=&#8221;non-existing number&#8221; collapsible_all=&#8221;true&#8221;][vc_tta_section title=&#8221;FENO en la 45 FIL. Libro &#8220;Cuidar la vida. Relatos de lealtad y supervivencia&#8220;. S\u00e1bado 2 de marzo, 2024&#8243; tab_id=&#8221;1723482227418-12d73338-98fb&#8221;][vc_masonry_media_grid element_width=&#8221;3&#8243; grid_id=&#8221;vc_gid:1771367122618-2966041c-0e32-2&#8243; include=&#8221;11601,11602,11603,11604,11605,11606,11607,11608,11609&#8243;][\/vc_tta_section][\/vc_tta_accordion][vc_empty_space][\/vc_column][\/vc_row][vc_row][vc_column][vc_tta_accordion c_icon=&#8221;chevron&#8221; active_section=&#8221;non-existing number&#8221; collapsible_all=&#8221;true&#8221;][vc_tta_section title=&#8221;Concierto navide\u00f1o 2023. Coro universitario STACCATO&#8221; tab_id=&#8221;1709569475270-a47f9c83-7a19&#8243;][vc_masonry_media_grid element_width=&#8221;3&#8243; grid_id=&#8221;vc_gid:1771367122618-bac66cda-cc4f-7&#8243; include=&#8221;11121,11098,11099,11100,11101,11103,11104,11105,11106,11107,11108,11109,11110,11111,11112&#8243;][vc_column_text]<a href=\"https:\/\/www.feno.unam.mx\/wp-content\/uploads\/2023\/11\/conavidad.jpeg\" target=\"_blank\" rel=\"noopener\">Consultar cartel del evento<\/a>[\/vc_column_text][\/vc_tta_section][\/vc_tta_accordion][vc_empty_space][\/vc_column][\/vc_row][vc_section][vc_row][vc_column][vc_column_text]<\/p>\n<h4><a href=\"https:\/\/www.feno.unam.mx\/index.php\/fototeca\/\" target=\"_blank\" rel=\"noopener\">Fototeca. Hist\u00f3rico<\/a><\/h4>\n<p>[\/vc_column_text][\/vc_column][\/vc_row][\/vc_section]<\/p>\n","protected":false},"excerpt":{"rendered":"<p>[vc_section][vc_row][vc_column][vc_single_image image=&#8221;11114&#8243; img_size=&#8221;full&#8221; alignment=&#8221;center&#8221; css_animation=&#8221;bounceInLeft&#8221;][\/vc_column][\/vc_row][vc_row][vc_column][vc_empty_space][\/vc_column][\/vc_row][\/vc_section][vc_row][vc_column][vc_single_image image=&#8221;16381&#8243; img_size=&#8221;full&#8221; alignment=&#8221;center&#8221; style=&#8221;vc_box_shadow_3d&#8221; onclick=&#8221;custom_link&#8221; img_link_target=&#8221;_blank&#8221; css_animation=&#8221;bounceInDown&#8221; link=&#8221;https:\/\/www.feno.unam.mx\/fototecaaladefe\/&#8221;][vc_empty_space][\/vc_column][\/vc_row][vc_row][vc_column][vc_tta_accordion c_icon=&#8221;chevron&#8221; active_section=&#8221;non-existing number&#8221; collapsible_all=&#8221;true&#8221;][vc_tta_section title=&#8221;Entrega de diplomas Curso poste\u0301cnico de Enfermeri\u0301a Quiru\u0301rgica &hellip; <\/p>\n","protected":false},"author":1,"featured_media":0,"parent":0,"menu_order":0,"comment_status":"closed","ping_status":"closed","template":"","meta":{"footnotes":""},"class_list":["post-11097","page","type-page","status-publish","hentry","latest_post"],"aioseo_notices":[],"publishpress_future_action":{"enabled":false,"date":"2026-05-15 09:52:45","action":"change-status","newStatus":"draft","terms":[],"taxonomy":"","extraData":[]},"publishpress_future_workflow_manual_trigger":{"enabledWorkflows":[]},"_links":{"self":[{"href":"https:\/\/www.feno.unam.mx\/index.php\/wp-json\/wp\/v2\/pages\/11097","targetHints":{"allow":["GET"]}}],"collection":[{"href":"https:\/\/www.feno.unam.mx\/index.php\/wp-json\/wp\/v2\/pages"}],"about":[{"href":"https:\/\/www.feno.unam.mx\/index.php\/wp-json\/wp\/v2\/types\/page"}],"author":[{"embeddable":true,"href":"https:\/\/www.feno.unam.mx\/index.php\/wp-json\/wp\/v2\/users\/1"}],"replies":[{"embeddable":true,"href":"https:\/\/www.feno.unam.mx\/index.php\/wp-json\/wp\/v2\/comments?post=11097"}],"version-history":[{"count":20,"href":"https:\/\/www.feno.unam.mx\/index.php\/wp-json\/wp\/v2\/pages\/11097\/revisions"}],"predecessor-version":[{"id":16384,"href":"https:\/\/www.feno.unam.mx\/index.php\/wp-json\/wp\/v2\/pages\/11097\/revisions\/16384"}],"wp:attachment":[{"href":"https:\/\/www.feno.unam.mx\/index.php\/wp-json\/wp\/v2\/media?parent=11097"}],"curies":[{"name":"wp","href":"https:\/\/api.w.org\/{rel}","templated":true}]}}